{"id":176,"date":"2019-10-18T17:02:28","date_gmt":"2019-10-18T15:02:28","guid":{"rendered":"http:\/\/studioriabilitativorem.it\/?page_id=176"},"modified":"2020-12-02T09:52:05","modified_gmt":"2020-12-02T08:52:05","slug":"privacy","status":"publish","type":"page","link":"http:\/\/studioriabilitativorem.it\/?page_id=176","title":{"rendered":"Privacy"},"content":{"rendered":"\n<div class=\"wp-block-themeisle-blocks-advanced-columns has-1-columns has-desktop-equal-layout has-tablet-equal-layout has-mobile-equal-layout has-default-gap has-vertical-unset\" id=\"wp-block-themeisle-blocks-advanced-columns-f2146dd5\"><div class=\"wp-block-themeisle-blocks-advanced-columns-overlay\"><\/div><div class=\"innerblocks-wrap\">\n<div class=\"wp-block-themeisle-blocks-advanced-column\" id=\"wp-block-themeisle-blocks-advanced-column-e5c7f8d4\">\n<p>PRIVACY POLICY<br>INFORMATIVA AI SENSI DEL REGOLAMENTO UE 2016\/679 (\u201cGDPR\u201d)<\/p>\n\n\n\n<p>1. TITOLARE DEL TRATTAMENTO<br>L\u2019indirizzo del sito web \u00e8: https:\/\/www.studioriabilitativorem.it ed \u00e8 di propriet\u00e0 del Dr. Federico Rizzo che ne amministra il contenuto. Il Titolare del trattamento dei dati personali \u00e8   Federico Rizzo,  Via F.Baracca, 19 20833 Giussano (MB)<br>Mob. +39 347 91 30 523 <\/p>\n\n\n\n<p>2. QUALI DATI PERSONALI RACCOGLIAMO E PERCHE\u2019 LI RACCOGLIAMO<\/p>\n\n\n\n<p>Modulo di contatto<br>Se contatti lo Sudio Riabilitativo REM, anche utilizzando il modulo di contatto di questo sito, \u00e8 necessario dare esplicito consenso informato all\u2019utilizzo dei dati personali raccolti in conformit\u00e0 al Regolamento Generale sul Trattamento dei Dati personali (Regolamento UE 2016\/679 \u201cGDPR\u201d). In particolare i dati raccolti (Nome, Cognome, Email eTelefono) saranno utilizzati esclusivamente per poter evadere in modo esaustivo la risposta alla richiesta espressa dall\u2019utente. Tali dati verranno conservati per il tempo necessario ad evadere la risposta al contatto\/richiesta. Qualora l\u2019utente desideri che i propri dati vengano rimossi dai nostri registri potr\u00e0 in ogni momento esplicitare la richiesta contattandoci ai riferimenti di seguito riportati al paragrafo \u201c5. Riferimenti per il contatto\u201d.<\/p>\n\n\n\n<p>3. CON CHI CONDIVIDIAMO I TUOI DATI<\/p>\n\n\n\n<p>I dati raccolti sono inviati dal sistema esclusivamente al Titolare Dr Federico Rizzo al fine di poter rispondere opportunamente e tempestivamente alla richiesta avanzata. Tali dati non vengono in alcun modo condivisi al di fuori dell\u2019attivit\u00e0.<\/p>\n\n\n\n<p>4. QUALI DIRITTI HAI SUI TUOI DATI<\/p>\n\n\n\n<p>Se l\u2019Utente ha effettuato una richiesta informazioni su questo sito, pu\u00f2 richiedere la cancellazione di tutti i dati personali che lo riguardano inviando esplicita richiesta ai riferimenti di contatto di seguito riportati. Questo non include gli eventuali dati che siamo obbligati a conservare per scopi amministrativi, legali o di sicurezza.<\/p>\n\n\n\n<p>5. RIFERIMENTI PER IL CONTATTO<br>Le eventuali richieste in merito al trattamento dei dati personali vanno rivolte a:<\/p>\n\n\n\n<p>STUDIO RIABILITATIVO REM<br>Dr Federico Rizzo<br> Via F.Baracca, 19<br>20833 Giussano (MB) <br>________________________________________<\/p>\n\n\n\n<p>COOKIE POLICY<\/p>\n\n\n\n<p>Questo sito fa uso di Cookie. I Cookie sono piccoli file di testo che possono essere utilizzati dai siti web per rendere pi\u00f9 efficiente l\u2019esperienza di navigazione. L\u2019Utente che visita per la prima volta questo sito viene opportunamente avvisato dell\u2019utilizzo di Cookie e pu\u00f2 gestire le preferenze sull\u2019utilizzo di Cookie seguendo le indicazioni riportate al paragrafo \u201c4. Consenso all\u2019installazione di Cookie\u201d.<\/p>\n\n\n\n<p>1. COOKIE STRETTAMENTE NECESSARI<\/p>\n\n\n\n<p>I \u201cCookie Strettamente Necessari\u201d sono utilizzati dal sito per memorizzare le preferenze che l\u2019Utente esprime durante la tua navigazione in modo da facilitare l\u2019esperienza di navigazione al Suo ritorno. Se disabilita i Cookies Strettamente Necessari non potremo salvare le Sue preferenze. Questo significa che ogni volta che visiter\u00e0 questo sito dovr\u00e0 abilitare o disabilitare nuovamente i cookie.<\/p>\n\n\n\n<p>2. COOKIE ANALITICI<\/p>\n\n\n\n<p>Questo sito utilizza Google Analytics\/ Search Console per raccogliere informazioni anonime a fini statistici per monitorare ad esempio il numero di utenti e le pagine pi\u00f9 visitate. Mantenendo abilitati questi Cookie ci aiuta a sviluppare al meglio il nostro sito.<\/p>\n\n\n\n<p>3. COOKIE DI TERZE PARTI<\/p>\n\n\n\n<p>Questo sito potrebbe presentare sulle proprie pagine contenuti incorporati da altri siti (ad esempio video, immagini, articoli, contenuti o interazioni). I contenuti incorporati da altri siti web si comportano esattamente allo stesso modo come se il visitatore avesse visitato l\u2019altro sito web. Questi siti web possono raccogliere dati su di Lei, usare Cookie, integrare ulteriori tracciamenti di terze parti e monitorare l\u2019interazione con quel contenuto incorporato, incluso il tracciamento della Sua interazione con il contenuto incorporato se ha un account e ha effettuato l\u2019accesso a quel sito web. Elenchiamo di seguito tali siti e relative Privacy Policy:<br>YouTube \u2013 privacy di YouTube<br>Facebook \u2013 privacy di Facebook<br>Instagram \u2013 privacy di Instagram<br>Pinterest \u2013 privacy di Pinterest<br>Twitter \u2013 privacy di Twitter<br>Google \u2013 privacy di Google<br>Questo sito non pu\u00f2 controllare l\u2019utilizzo di Cookie di Terze Parti, quindi per cancellare tali Cookie \u00e8 necessario utilizzare le specifiche funzioni del browser in uso.<\/p>\n\n\n\n<p>4. CONSENSO\/RIFIUTO ALL\u2019INSTALLAZIONE DI COOKIE<\/p>\n\n\n\n<p>L\u2019Utente che visita il sito pu\u00f2 gestire le preferenze relative ai Cookie direttamente all\u2019interno del proprio browser ed impedire \u2013 ad esempio \u2013 che terze parti possano installarne. Tramite le preferenze del browser \u00e8 inoltre possibile eliminare i Cookie installati in passato, incluso il Cookie in cui venga eventualmente salvato il consenso all\u2019installazione di Cookie da parte di questo sito. L\u2019Utente pu\u00f2 trovare informazioni su come gestire i Cookie con alcuni dei browser pi\u00f9 diffusi ad esempio ai seguenti indirizzi: Google Chrome, Mozilla Firefox, Apple Safari e Microsoft Internet Explorer.<br>Con riferimento a Cookie installati da terze parti, l\u2019Utente pu\u00f2 inoltre gestire le proprie impostazioni e revocare il consenso visitando il relativo link di opt-out (qualora disponibile), utilizzando gli strumenti descritti nella privacy policy della terza parte o contattando direttamente la stessa.<br>Fermo restando quanto precede, l\u2019Utente pu\u00f2 avvalersi delle informazioni fornite da: EDAA (UE), Network Advertising Initiative (USA) e Digital Advertising Alliance (USA), DAAC(Canada), DDAI (Giappone) o altri servizi analoghi. Con questi servizi \u00e8 possibile gestire le preferenze di tracciamento della maggior parte degli strumenti pubblicitari. Il Titolare, pertanto, consiglia agli Utenti di utilizzare tali risorse in aggiunta alle informazioni fornite dal presente documento.<\/p>\n<\/div>\n<\/div><\/div>\n","protected":false},"excerpt":{"rendered":"<p class=\"continue-reading-button\"> <a class=\"continue-reading-link\" href=\"http:\/\/studioriabilitativorem.it\/?page_id=176\">leggi tutto<i class=\"crycon-right-dir\"><\/i><\/a><\/p>\n","protected":false},"author":1,"featured_media":0,"parent":0,"menu_order":0,"comment_status":"closed","ping_status":"closed","template":"","meta":{"footnotes":""},"_links":{"self":[{"href":"http:\/\/studioriabilitativorem.it\/index.php?rest_route=\/wp\/v2\/pages\/176"}],"collection":[{"href":"http:\/\/studioriabilitativorem.it\/index.php?rest_route=\/wp\/v2\/pages"}],"about":[{"href":"http:\/\/studioriabilitativorem.it\/index.php?rest_route=\/wp\/v2\/types\/page"}],"author":[{"embeddable":true,"href":"http:\/\/studioriabilitativorem.it\/index.php?rest_route=\/wp\/v2\/users\/1"}],"replies":[{"embeddable":true,"href":"http:\/\/studioriabilitativorem.it\/index.php?rest_route=%2Fwp%2Fv2%2Fcomments&post=176"}],"version-history":[{"count":2,"href":"http:\/\/studioriabilitativorem.it\/index.php?rest_route=\/wp\/v2\/pages\/176\/revisions"}],"predecessor-version":[{"id":265,"href":"http:\/\/studioriabilitativorem.it\/index.php?rest_route=\/wp\/v2\/pages\/176\/revisions\/265"}],"wp:attachment":[{"href":"http:\/\/studioriabilitativorem.it\/index.php?rest_route=%2Fwp%2Fv2%2Fmedia&parent=176"}],"curies":[{"name":"wp","href":"https:\/\/api.w.org\/{rel}","templated":true}]}}