{"id":109,"date":"2019-10-09T15:23:56","date_gmt":"2019-10-09T13:23:56","guid":{"rendered":"http:\/\/studioriabilitativorem.it\/?page_id=109"},"modified":"2025-04-30T14:59:23","modified_gmt":"2025-04-30T12:59:23","slug":"notizie","status":"publish","type":"page","link":"http:\/\/studioriabilitativorem.it\/?page_id=109","title":{"rendered":"Notizie"},"content":{"rendered":"<ul class=\"wp-block-latest-posts__list is-grid columns-2 wp-block-latest-posts\"><li><a class=\"wp-block-latest-posts__post-title\" href=\"http:\/\/studioriabilitativorem.it\/?p=213\">Riabilitazione neuropsicologica<\/a><div class=\"wp-block-latest-posts__post-excerpt\">Presso lo Studio Riabilitativo R.E.M. \u00e8 attiva la collaborazione con la dottoressa Cesana Viviana, specialista psicologa e neuropsicologa.<p class=\"continue-reading-button\"> <a class=\"continue-reading-link\" href=\"http:\/\/studioriabilitativorem.it\/?p=213\">leggi tutto<i class=\"crycon-right-dir\"><\/i><\/a><\/p><\/div><\/li>\n<li><div class=\"wp-block-latest-posts__featured-image\"><a href=\"http:\/\/studioriabilitativorem.it\/?p=156\" title=\"Perch\u00e9 rivolgersi allo Studio REM\"><img loading=\"lazy\" decoding=\"async\" width=\"150\" height=\"150\" src=\"http:\/\/studioriabilitativorem.it\/wp-content\/uploads\/2019\/10\/slide3-muscoli-150x150.png\" class=\"attachment-thumbnail size-thumbnail wp-post-image\" alt=\"\" style=\"\" \/><\/a><\/div><a class=\"wp-block-latest-posts__post-title\" href=\"http:\/\/studioriabilitativorem.it\/?p=156\">Perch\u00e9 rivolgersi allo Studio REM<\/a><div class=\"wp-block-latest-posts__post-excerpt\">Grazie all&#8217;incessante attivit\u00e0 di ricerca e il continuo aggiornamento delle nuove metodologie terapeutiche, i pazienti che si rivolgono allo studio riabilitativo REM vengono trattati con una visione completa della persona nella sua unicit\u00e0. Vengono presi in carico da personale altamente qualificato attraverso un&#8217;attenta anamnesi e specifici esami obiettivi utilizzando le migliori metodiche presenti nel campo&#8230;<p class=\"continue-reading-button\"> <a class=\"continue-reading-link\" href=\"http:\/\/studioriabilitativorem.it\/?p=156\">leggi tutto<i class=\"crycon-right-dir\"><\/i><\/a><\/p><\/div><\/li>\n<li><div class=\"wp-block-latest-posts__featured-image\"><a href=\"http:\/\/studioriabilitativorem.it\/?p=36\" title=\"La figura del fisioterapista\"><img loading=\"lazy\" decoding=\"async\" width=\"150\" height=\"150\" src=\"http:\/\/studioriabilitativorem.it\/wp-content\/uploads\/2019\/09\/slide2-mani-150x150.png\" class=\"attachment-thumbnail size-thumbnail wp-post-image\" alt=\"\" style=\"\" \/><\/a><\/div><a class=\"wp-block-latest-posts__post-title\" href=\"http:\/\/studioriabilitativorem.it\/?p=36\">La figura del fisioterapista<\/a><div class=\"wp-block-latest-posts__post-excerpt\">Il fisioterapista \u00e8 un professionista sanitario in possesso del titolo abilitante di laurea. Il Fisioterapista elabora la definizione del programma riabilitativo all\u2019individuazione e al superamento del bisogno di salute del paziente. Pratica attivit\u00e0 terapeutica per la rieducazione funzionale delle disabilit\u00e0 motorie, psicomotorie e cognitive. Svolge attivit\u00e0 di studio, didattica e consulenza professionale in quanto operatore&#8230;<p class=\"continue-reading-button\"> <a class=\"continue-reading-link\" href=\"http:\/\/studioriabilitativorem.it\/?p=36\">leggi tutto<i class=\"crycon-right-dir\"><\/i><\/a><\/p><\/div><\/li>\n<li><div class=\"wp-block-latest-posts__featured-image\"><a href=\"http:\/\/studioriabilitativorem.it\/?p=34\" title=\"Perch\u00e9 rivolgersi all&#039;osteopata?\"><img loading=\"lazy\" decoding=\"async\" width=\"150\" height=\"150\" src=\"http:\/\/studioriabilitativorem.it\/wp-content\/uploads\/2019\/09\/knee-1406964_1920-150x150.jpg\" class=\"attachment-thumbnail size-thumbnail wp-post-image\" alt=\"\" style=\"\" srcset=\"http:\/\/studioriabilitativorem.it\/wp-content\/uploads\/2019\/09\/knee-1406964_1920-150x150.jpg 150w, http:\/\/studioriabilitativorem.it\/wp-content\/uploads\/2019\/09\/knee-1406964_1920-200x200.jpg 200w\" sizes=\"(max-width: 150px) 100vw, 150px\" \/><\/a><\/div><a class=\"wp-block-latest-posts__post-title\" href=\"http:\/\/studioriabilitativorem.it\/?p=34\">Perch\u00e9 rivolgersi all&#8217;osteopata?<\/a><div class=\"wp-block-latest-posts__post-excerpt\">&#8211; Ha un approccio complementare e non alternativo a quello del tuo medico. &#8211; Ha una formazione seria e rigorosa imposta delle linee guida dell\u2019Organizzazione Mondiale della Sanit\u00e0. &#8211;&nbsp;L\u2019osteopata non \u00e8 invasivo perch\u00e9 utilizza esclusivamente le sue mani. &#8211;&nbsp;Il trattamento osteopatico allevia i dolori, riduce i disagi e aiuta a recuperare le normali funzioni del&#8230;<p class=\"continue-reading-button\"> <a class=\"continue-reading-link\" href=\"http:\/\/studioriabilitativorem.it\/?p=34\">leggi tutto<i class=\"crycon-right-dir\"><\/i><\/a><\/p><\/div><\/li>\n<\/ul>","protected":false},"excerpt":{"rendered":"<p class=\"continue-reading-button\"> <a class=\"continue-reading-link\" href=\"http:\/\/studioriabilitativorem.it\/?page_id=109\">leggi tutto<i class=\"crycon-right-dir\"><\/i><\/a><\/p>\n","protected":false},"author":1,"featured_media":0,"parent":0,"menu_order":0,"comment_status":"closed","ping_status":"closed","template":"","meta":{"footnotes":""},"_links":{"self":[{"href":"http:\/\/studioriabilitativorem.it\/index.php?rest_route=\/wp\/v2\/pages\/109"}],"collection":[{"href":"http:\/\/studioriabilitativorem.it\/index.php?rest_route=\/wp\/v2\/pages"}],"about":[{"href":"http:\/\/studioriabilitativorem.it\/index.php?rest_route=\/wp\/v2\/types\/page"}],"author":[{"embeddable":true,"href":"http:\/\/studioriabilitativorem.it\/index.php?rest_route=\/wp\/v2\/users\/1"}],"replies":[{"embeddable":true,"href":"http:\/\/studioriabilitativorem.it\/index.php?rest_route=%2Fwp%2Fv2%2Fcomments&post=109"}],"version-history":[{"count":11,"href":"http:\/\/studioriabilitativorem.it\/index.php?rest_route=\/wp\/v2\/pages\/109\/revisions"}],"predecessor-version":[{"id":346,"href":"http:\/\/studioriabilitativorem.it\/index.php?rest_route=\/wp\/v2\/pages\/109\/revisions\/346"}],"wp:attachment":[{"href":"http:\/\/studioriabilitativorem.it\/index.php?rest_route=%2Fwp%2Fv2%2Fmedia&parent=109"}],"curies":[{"name":"wp","href":"https:\/\/api.w.org\/{rel}","templated":true}]}}